{"id":1053,"date":"2022-11-30T16:16:17","date_gmt":"2022-11-30T21:16:17","guid":{"rendered":"https:\/\/fdoi.org\/index.php\/faq-2\/"},"modified":"2023-01-30T14:14:11","modified_gmt":"2023-01-30T19:14:11","slug":"faq","status":"publish","type":"page","link":"https:\/\/fdoi.org\/fr\/faq\/","title":{"rendered":"FAQ"},"content":{"rendered":"[vc_row type=\u00a0\u00bbfull_width_background\u00a0\u00bb full_screen_row_position=\u00a0\u00bbmiddle\u00a0\u00bb column_margin=\u00a0\u00bbdefault\u00a0\u00bb column_direction=\u00a0\u00bbdefault\u00a0\u00bb column_direction_tablet=\u00a0\u00bbdefault\u00a0\u00bb column_direction_phone=\u00a0\u00bbdefault\u00a0\u00bb bg_color=\u00a0\u00bb#f7f7f7&Prime; scene_position=\u00a0\u00bbcenter\u00a0\u00bb top_padding=\u00a0\u00bb100&Prime; bottom_padding=\u00a0\u00bb100&Prime; text_color=\u00a0\u00bbdark\u00a0\u00bb text_align=\u00a0\u00bbleft\u00a0\u00bb row_border_radius=\u00a0\u00bbnone\u00a0\u00bb row_border_radius_applies=\u00a0\u00bbbg\u00a0\u00bb overflow=\u00a0\u00bbvisible\u00a0\u00bb overlay_strength=\u00a0\u00bb0.3&Prime; gradient_direction=\u00a0\u00bbleft_to_right\u00a0\u00bb shape_divider_position=\u00a0\u00bbbottom\u00a0\u00bb bg_image_animation=\u00a0\u00bbnone\u00a0\u00bb][vc_column column_padding=\u00a0\u00bbno-extra-padding\u00a0\u00bb column_padding_tablet=\u00a0\u00bbinherit\u00a0\u00bb column_padding_phone=\u00a0\u00bbinherit\u00a0\u00bb column_padding_position=\u00a0\u00bball\u00a0\u00bb column_element_spacing=\u00a0\u00bbdefault\u00a0\u00bb background_color_opacity=\u00a0\u00bb1&Prime; background_hover_color_opacity=\u00a0\u00bb1&Prime; column_shadow=\u00a0\u00bbnone\u00a0\u00bb column_border_radius=\u00a0\u00bbnone\u00a0\u00bb column_link_target=\u00a0\u00bb_self\u00a0\u00bb column_position=\u00a0\u00bbdefault\u00a0\u00bb gradient_direction=\u00a0\u00bbleft_to_right\u00a0\u00bb overlay_strength=\u00a0\u00bb0.3&Prime; width=\u00a0\u00bb1\/1&Prime; tablet_width_inherit=\u00a0\u00bbdefault\u00a0\u00bb tablet_text_alignment=\u00a0\u00bbdefault\u00a0\u00bb phone_text_alignment=\u00a0\u00bbdefault\u00a0\u00bb animation_type=\u00a0\u00bbdefault\u00a0\u00bb bg_image_animation=\u00a0\u00bbnone\u00a0\u00bb border_type=\u00a0\u00bbsimple\u00a0\u00bb column_border_width=\u00a0\u00bbnone\u00a0\u00bb column_border_style=\u00a0\u00bbsolid\u00a0\u00bb][vc_column_text]\nFAQ<br \/>\n[\/vc_column_text][toggles style=\u00a0\u00bbminimal\u00a0\u00bb][toggle color=\u00a0\u00bbDefault\u00a0\u00bb heading_tag=\u00a0\u00bbdefault\u00a0\u00bb title=\u00a0\u00bbComment puis-je avoir acc\u00e8s \u00e0 de la nourriture?\u00a0\u00bb][vc_column_text]Pour devenir membre de notre banque alimentaire, vous devez \u00eatre un r\u00e9sident de l\u2019Ouest de l\u2019\u00eele. Cela exclut les villes de Dorval, Senneville et Baie D\u2019Urf\u00e9. Il faut aussi une preuve d\u2019identit\u00e9 et une preuve de revenu. La preuve de revenu peut \u00eatre un avis de cotisation du gouvernement provincial et si vous \u00eates un nouvel arrivant, il peut s\u2019agir d\u2019un relev\u00e9 bancaire.[\/vc_column_text][\/toggle][toggle color=\u00a0\u00bbDefault\u00a0\u00bb heading_tag=\u00a0\u00bbdefault\u00a0\u00bb title=\u00a0\u00bbO\u00f9 se trouve la banque alimentaire?\u00a0\u00bb][vc_column_text]Nous sommes situ\u00e9s au 23 Centre Commercial St, Roxboro, QC H8Y 2N9.<\/p>\n<p><a href=\"https:\/\/fdoi.org\/fr\/index.php\/contact\/\">Nous contacter<\/a>[\/vc_column_text][\/toggle][toggle color=\u00a0\u00bbDefault\u00a0\u00bb heading_tag=\u00a0\u00bbdefault\u00a0\u00bb title=\u00a0\u00bbJ\u2019ai de la nourriture \u00e0 donner, que dois-je faire ?\u00a0\u00bb][vc_column_text]Nous appr\u00e9cions toujours les dons d\u2019aliments et nous en avons besoin. Veuillez envisager de faire des dons d\u2019articles non p\u00e9rissables et durables. Les dons d\u2019aliments non p\u00e9rissables peuvent \u00eatre d\u00e9pos\u00e9s au 23, rue Centre Commercial pendant les heures normales de bureau ou, dans des cas sp\u00e9ciaux, sur rendez-vous en appelant notre bureau principal au (514) 683-0456.<\/p>\n<p>C\u2019est toujours une bonne id\u00e9e d\u2019appeler \u00e0 l\u2019avance, car certains jours, nous pourrions manquer de personnel.<\/p>\n<p><a href=\"https:\/\/fdoi.org\/fr\/index.php\/contact\/\">Nous contacter<\/a>[\/vc_column_text][\/toggle][toggle color=\u00a0\u00bbDefault\u00a0\u00bb heading_tag=\u00a0\u00bbdefault\u00a0\u00bb title=\u00a0\u00bbJ\u2019ai de bons v\u00eatements conditionn\u00e9s et de petits articles m\u00e9nagers \u00e0 donner, que dois-je faire?\u00a0\u00bb][vc_column_text]Veuillez d\u00e9poser vos v\u00eatements et vos petits articles m\u00e9nagers dans notre magasin d\u2019aubaines situ\u00e9 au 21, rue Centre Commercial, du lundi au vendredi, de 9 h 30 \u00e0 17 h.[\/vc_column_text][\/toggle][toggle color=\u00a0\u00bbDefault\u00a0\u00bb heading_tag=\u00a0\u00bbdefault\u00a0\u00bb title=\u00a0\u00bbAcceptez-vous des b\u00e9n\u00e9voles?\u00a0\u00bb][vc_column_text]Oui! Nous avons toujours besoin de b\u00e9n\u00e9voles pour nous aider \u00e0 g\u00e9rer notre magasin d\u2019aubaines et notre banque alimentaire. Postulez d\u00e8s aujourd\u2019hui sous l\u2019onglet \u00ab\u00a0<a href=\"https:\/\/fdoi.org\/fr\/index.php\/devenir-benevole\/\">Devenir b\u00e9n\u00e9vole<\/a>\u00a0\u00bb.[\/vc_column_text][\/toggle][toggle color=\u00a0\u00bbDefault\u00a0\u00bb heading_tag=\u00a0\u00bbdefault\u00a0\u00bb title=\u00a0\u00bbLe West Island Assistance Fund est-il un organisme de confiance?\u00a0\u00bb][vc_column_text]Oui! Nous existons depuis 1966 et nous aidons la communaut\u00e9 depuis 56 ans. Nous aidons actuellement 361 m\u00e9nages et 1\u00a0130 b\u00e9n\u00e9ficiaires au total.<\/p>\n<p><a href=\"https:\/\/fdoi.org\/fr\/index.php\/a-propos\/\">En savoir plus sur nous<\/a>[\/vc_column_text][\/toggle][toggle color=\u00a0\u00bbDefault\u00a0\u00bb heading_tag=\u00a0\u00bbdefault\u00a0\u00bb title=\u00a0\u00bbPourquoi devrais-je soutenir la FDOI?\u00a0\u00bb][vc_column_text]Nous aidons \u00e0 fournir des services qui favorisent l\u2019ind\u00e9pendance de nos membres. Nous offrons \u00e9galement de la nourriture, des v\u00eatements et des produits d\u2019hygi\u00e8ne \u00e0 ceux qui en ont besoin et encourageons le d\u00e9veloppement d\u2019initiatives qui aident \u00e0 r\u00e9pondre aux besoins fondamentaux de la communaut\u00e9.[\/vc_column_text][\/toggle][toggle color=\u00a0\u00bbDefault\u00a0\u00bb heading_tag=\u00a0\u00bbdefault\u00a0\u00bb title=\u00a0\u00bbQu\u2019est-ce que l\u2019ins\u00e9curit\u00e9 alimentaire?\u00a0\u00bb][vc_column_text]L\u2019ins\u00e9curit\u00e9 alimentaire, c\u2019est lorsqu\u2019une personne a un acc\u00e8s limit\u00e9 aux aliments disponibles en raison des co\u00fbts et d\u2019autres facteurs. C\u2019est lorsqu\u2019un m\u00e9nage n\u2019a pas un acc\u00e8s constant \u00e0 la nourriture pour que tous puissent vivre une vie saine et \u00e9quilibr\u00e9e. Cette situation de vie peut \u00eatre temporaire pour un m\u00e9nage ou durer longtemps.[\/vc_column_text][\/toggle][\/toggles][\/vc_column][\/vc_row]\n","protected":false},"excerpt":{"rendered":"<p>[vc_row type=\u00a0\u00bbfull_width_background\u00a0\u00bb full_screen_row_position=\u00a0\u00bbmiddle\u00a0\u00bb column_margin=\u00a0\u00bbdefault\u00a0\u00bb column_direction=\u00a0\u00bbdefault\u00a0\u00bb column_direction_tablet=\u00a0\u00bbdefault\u00a0\u00bb column_direction_phone=\u00a0\u00bbdefault\u00a0\u00bb bg_color=\u00a0\u00bb#f7f7f7&Prime; scene_position=\u00a0\u00bbcenter\u00a0\u00bb top_padding=\u00a0\u00bb100&Prime; bottom_padding=\u00a0\u00bb100&Prime; text_color=\u00a0\u00bbdark\u00a0\u00bb text_align=\u00a0\u00bbleft\u00a0\u00bb row_border_radius=\u00a0\u00bbnone\u00a0\u00bb row_border_radius_applies=\u00a0\u00bbbg\u00a0\u00bb overflow=\u00a0\u00bbvisible\u00a0\u00bb overlay_strength=\u00a0\u00bb0.3&Prime; gradient_direction=\u00a0\u00bbleft_to_right\u00a0\u00bb shape_divider_position=\u00a0\u00bbbottom\u00a0\u00bb bg_image_animation=\u00a0\u00bbnone\u00a0\u00bb][vc_column column_padding=\u00a0\u00bbno-extra-padding\u00a0\u00bb column_padding_tablet=\u00a0\u00bbinherit\u00a0\u00bb column_padding_phone=\u00a0\u00bbinherit\u00a0\u00bb column_padding_position=\u00a0\u00bball\u00a0\u00bb column_element_spacing=\u00a0\u00bbdefault\u00a0\u00bb background_color_opacity=\u00a0\u00bb1&Prime; background_hover_color_opacity=\u00a0\u00bb1&Prime; column_shadow=\u00a0\u00bbnone\u00a0\u00bb column_border_radius=\u00a0\u00bbnone\u00a0\u00bb column_link_target=\u00a0\u00bb_self\u00a0\u00bb&#8230;<\/p>\n","protected":false},"author":1,"featured_media":0,"parent":0,"menu_order":0,"comment_status":"closed","ping_status":"closed","template":"","meta":{"footnotes":""},"class_list":["post-1053","page","type-page","status-publish"],"_links":{"self":[{"href":"https:\/\/fdoi.org\/fr\/wp-json\/wp\/v2\/pages\/1053","targetHints":{"allow":["GET"]}}],"collection":[{"href":"https:\/\/fdoi.org\/fr\/wp-json\/wp\/v2\/pages"}],"about":[{"href":"https:\/\/fdoi.org\/fr\/wp-json\/wp\/v2\/types\/page"}],"author":[{"embeddable":true,"href":"https:\/\/fdoi.org\/fr\/wp-json\/wp\/v2\/users\/1"}],"replies":[{"embeddable":true,"href":"https:\/\/fdoi.org\/fr\/wp-json\/wp\/v2\/comments?post=1053"}],"version-history":[{"count":0,"href":"https:\/\/fdoi.org\/fr\/wp-json\/wp\/v2\/pages\/1053\/revisions"}],"wp:attachment":[{"href":"https:\/\/fdoi.org\/fr\/wp-json\/wp\/v2\/media?parent=1053"}],"curies":[{"name":"wp","href":"https:\/\/api.w.org\/{rel}","templated":true}]}}